{"id":3944,"date":"2024-05-09T15:45:09","date_gmt":"2024-05-09T18:45:09","guid":{"rendered":"https:\/\/briquedaredencao1.hospedagemdesites.ws\/2024\/?page_id=3944"},"modified":"2025-05-29T18:36:48","modified_gmt":"2025-05-29T21:36:48","slug":"como-ser-expositor","status":"publish","type":"page","link":"https:\/\/briquedaredencao.com.br\/2024\/como-ser-expositor\/","title":{"rendered":"Como ser expositor"},"content":{"rendered":"\t\t<div data-elementor-type=\"wp-page\" data-elementor-id=\"3944\" class=\"elementor elementor-3944\">\n\t\t\t\t<div class=\"elementor-element elementor-element-b2e8fda e-flex e-con-boxed e-con e-parent\" data-id=\"b2e8fda\" data-element_type=\"container\">\n\t\t\t\t\t<div class=\"e-con-inner\">\n\t\t\t\t<div class=\"elementor-element elementor-element-d0e2213 elementor-widget elementor-widget-text-editor\" data-id=\"d0e2213\" data-element_type=\"widget\" data-widget_type=\"text-editor.default\">\n\t\t\t\t<div class=\"elementor-widget-container\">\n\t\t\t<style>\/*! elementor - v3.21.0 - 08-05-2024 *\/\n.elementor-widget-text-editor.elementor-drop-cap-view-stacked .elementor-drop-cap{background-color:#69727d;color:#fff}.elementor-widget-text-editor.elementor-drop-cap-view-framed .elementor-drop-cap{color:#69727d;border:3px solid;background-color:transparent}.elementor-widget-text-editor:not(.elementor-drop-cap-view-default) .elementor-drop-cap{margin-top:8px}.elementor-widget-text-editor:not(.elementor-drop-cap-view-default) .elementor-drop-cap-letter{width:1em;height:1em}.elementor-widget-text-editor .elementor-drop-cap{float:left;text-align:center;line-height:1;font-size:50px}.elementor-widget-text-editor .elementor-drop-cap-letter{display:inline-block}<\/style>\t\t\t\t<p data-start=\"183\" data-end=\"608\">Para se tornar expositor do Brique da Reden\u00e7\u00e3o, \u00e9 necess\u00e1rio participar de um Concurso P\u00fablico. Conforme previsto no Regulamento Interno da feira, uma nova chamada para sele\u00e7\u00e3o deve ser realizada sempre que houver, no m\u00ednimo, cinco vagas dispon\u00edveis. A partir desse momento, a Secretaria Municipal de Desenvolvimento Econ\u00f4mico, Turismo e Eventos (SMDETE) \u00e9 respons\u00e1vel por abrir um edital para as inscri\u00e7\u00f5es dos interessados.<\/p><p data-start=\"610\" data-end=\"1105\">A documenta\u00e7\u00e3o exigida varia de acordo com o setor pretendido, sendo que o Brique conta com quatro categorias de expositores: Artes\u00e3os, Artistas Pl\u00e1sticos, Antiqu\u00e1rios e Alimenta\u00e7\u00e3o. Os candidatos inscritos s\u00e3o avaliados por uma Comiss\u00e3o composta por representantes do setor correspondente e da SMDETE. Os aprovados passam ainda por uma visita t\u00e9cnica ao local de produ\u00e7\u00e3o antes de serem integrados oficialmente \u00e0 feira. A lista final dos selecionados \u00e9 publicada no Di\u00e1rio Oficial do Munic\u00edpio.<\/p><p data-start=\"1107\" data-end=\"1337\">No caso espec\u00edfico do setor de Artesanato, s\u00e3o considerados os seguintes crit\u00e9rios de avalia\u00e7\u00e3o: t\u00e9cnica, originalidade e ineditismo. \u00c9 obrigat\u00f3rio que o candidato possua a Carteira de Artes\u00e3o emitida pela Casa do Artes\u00e3o \u2013 FGTAS.<\/p><p data-start=\"1339\" data-end=\"1909\">Ap\u00f3s a aprova\u00e7\u00e3o, o expositor assina um Termo de Responsabilidade, comprometendo-se com o cumprimento do Regulamento Interno da feira. Entre as exig\u00eancias est\u00e3o: respeitar os hor\u00e1rios de chegada e sa\u00edda, manter a barraca em bom estado e bem alinhada no espa\u00e7o designado, e comercializar exclusivamente produtos genuinamente artesanais, avaliados na sele\u00e7\u00e3o e confeccionados pelo pr\u00f3prio expositor. Al\u00e9m disso, \u00e9 obrigat\u00f3ria a assinatura da chamada dominical emitida pela SMDETE. O descumprimento de qualquer uma dessas normas pode resultar na perda definitiva do espa\u00e7o.<\/p><p data-start=\"1911\" data-end=\"2200\">A taxa de renova\u00e7\u00e3o anual do Brique gira em torno de 10%. As informa\u00e7\u00f5es sobre novas sele\u00e7\u00f5es s\u00e3o divulgadas no Di\u00e1rio Oficial, em ve\u00edculos de m\u00eddia privada de grande circula\u00e7\u00e3o, no site oficial da feira e tamb\u00e9m pela Divis\u00e3o de Desenvolvimento Econ\u00f4mico e Fomento ao Artesanato da SMDETE.<\/p><p data-start=\"1911\" data-end=\"2200\">Saiba mais em <a href=\"https:\/\/prefeitura.poa.br\/smdete\">prefeitura.poa.br\/smdete<\/a><\/p>\t\t\t\t\t\t<\/div>\n\t\t\t\t<\/div>\n\t\t\t\t\t<\/div>\n\t\t\t\t<\/div>\n\t\t\t\t<\/div>\n\t\t","protected":false},"excerpt":{"rendered":"<p>Para se tornar expositor do Brique da Reden\u00e7\u00e3o, \u00e9 necess\u00e1rio participar de um Concurso P\u00fablico. Conforme previsto no Regulamento Interno da feira, uma nova chamada para sele\u00e7\u00e3o deve ser realizada sempre que houver, no m\u00ednimo, cinco vagas dispon\u00edveis. A partir desse momento, a Secretaria Municipal de Desenvolvimento Econ\u00f4mico, Turismo e Eventos (SMDETE) \u00e9 respons\u00e1vel por <\/p>\n","protected":false},"author":1,"featured_media":0,"parent":0,"menu_order":0,"comment_status":"closed","ping_status":"closed","template":"","meta":{"_acf_changed":false,"footnotes":""},"class_list":["post-3944","page","type-page","status-publish","hentry"],"acf":[],"_links":{"self":[{"href":"https:\/\/briquedaredencao.com.br\/2024\/wp-json\/wp\/v2\/pages\/3944","targetHints":{"allow":["GET"]}}],"collection":[{"href":"https:\/\/briquedaredencao.com.br\/2024\/wp-json\/wp\/v2\/pages"}],"about":[{"href":"https:\/\/briquedaredencao.com.br\/2024\/wp-json\/wp\/v2\/types\/page"}],"author":[{"embeddable":true,"href":"https:\/\/briquedaredencao.com.br\/2024\/wp-json\/wp\/v2\/users\/1"}],"replies":[{"embeddable":true,"href":"https:\/\/briquedaredencao.com.br\/2024\/wp-json\/wp\/v2\/comments?post=3944"}],"version-history":[{"count":9,"href":"https:\/\/briquedaredencao.com.br\/2024\/wp-json\/wp\/v2\/pages\/3944\/revisions"}],"predecessor-version":[{"id":7311,"href":"https:\/\/briquedaredencao.com.br\/2024\/wp-json\/wp\/v2\/pages\/3944\/revisions\/7311"}],"wp:attachment":[{"href":"https:\/\/briquedaredencao.com.br\/2024\/wp-json\/wp\/v2\/media?parent=3944"}],"curies":[{"name":"wp","href":"https:\/\/api.w.org\/{rel}","templated":true}]}}