{"id":3903,"date":"2024-05-09T13:56:26","date_gmt":"2024-05-09T16:56:26","guid":{"rendered":"https:\/\/briquedaredencao1.hospedagemdesites.ws\/2024\/?page_id=3903"},"modified":"2025-05-22T18:17:23","modified_gmt":"2025-05-22T21:17:23","slug":"alimentacao","status":"publish","type":"page","link":"https:\/\/briquedaredencao.com.br\/2024\/alimentacao\/","title":{"rendered":"Alimenta\u00e7\u00e3o"},"content":{"rendered":"\t\t<div data-elementor-type=\"wp-page\" data-elementor-id=\"3903\" class=\"elementor elementor-3903\">\n\t\t\t\t\t\t<section class=\"elementor-section elementor-top-section elementor-element elementor-element-774930b elementor-section-full_width elementor-section-height-default elementor-section-height-default\" data-id=\"774930b\" data-element_type=\"section\">\n\t\t\t\t\t\t<div class=\"elementor-container elementor-column-gap-custom\">\n\t\t\t\t\t<div class=\"elementor-column elementor-col-100 elementor-top-column elementor-element elementor-element-09cc6dc\" data-id=\"09cc6dc\" data-element_type=\"column\">\n\t\t\t<div class=\"elementor-widget-wrap elementor-element-populated\">\n\t\t\t\t\t\t<div class=\"elementor-element elementor-element-be7fda6 elementor-widget elementor-widget-dz-portfolio-listing-1\" data-id=\"be7fda6\" data-element_type=\"widget\" data-widget_type=\"dz-portfolio-listing-1.default\">\n\t\t\t\t<div class=\"elementor-widget-container\">\n\t\t\t<!-- Blog -->\n<section class=\"content-inner\">\n\t<div class=\" container-fluid\">\n\t\t\t\t\n<!-- \t\t -->\n\t\t\n\t\t<div class=\"lightgallery row masonry\" >\t\t\t\n\t\t\t\n<!-- Portfolio -->\n\t<div id=\"post-7425\" class=\"card-container col-xl-3 col-lg-4 col-md-6 col-sm-6 m-b30 all alimentacao post-7425 dz_portfolio type-dz_portfolio status-publish has-post-thumbnail hentry portfolio_category-alimentacao\">\n\t\t<div class=\"dz-box style-1\">\n\t\t\t<div class=\"dz-media height-md\"  style=\"background-image: url(https:\/\/briquedaredencao.com.br\/2024\/wp-content\/uploads\/2025\/06\/Tamanho-Cover-6.jpg)\"><\/div>\n\t\t\t<div class=\"dz-info\">\n\t\t\t\t<h3 class=\"title m-b10\" style=\"font-size: 20px;\">\n\t\t\t\t\t<a href=\"https:\/\/briquedaredencao.com.br\/2024\/portfolio\/box-01-alimentacao\/\">\n\t\t\t\t\t\tBox 01 \u2013 Alimenta\u00e7\u00e3o\t\t\t\t\t\t\n\t\t\t\t\t<\/a>\n\t\t\t\t<\/h3>\n\t\t\t\t<h5 style=\"color: #fff; font-size: 17px;\">\n\t\t\t\t\tM\u00e1rcia Aquino Marques\t\n\t\t\t\t <\/h5>\n\t\t\t\t\n\t\t\t<\/div>\n\t\t<\/div>\n\t<\/div>\n\t\n<!-- Portfolio -->\n\t<div id=\"post-7439\" class=\"card-container col-xl-3 col-lg-4 col-md-6 col-sm-6 m-b30 all alimentacao post-7439 dz_portfolio type-dz_portfolio status-publish has-post-thumbnail hentry portfolio_category-alimentacao\">\n\t\t<div class=\"dz-box style-1\">\n\t\t\t<div class=\"dz-media height-md\"  style=\"background-image: url(https:\/\/briquedaredencao.com.br\/2024\/wp-content\/uploads\/2025\/06\/Tamanho-Cover-7.jpg)\"><\/div>\n\t\t\t<div class=\"dz-info\">\n\t\t\t\t<h3 class=\"title m-b10\" style=\"font-size: 20px;\">\n\t\t\t\t\t<a href=\"https:\/\/briquedaredencao.com.br\/2024\/portfolio\/box-02-alimentacao\/\">\n\t\t\t\t\t\tBox 02 \u2013 Alimenta\u00e7\u00e3o\t\t\t\t\t\t\n\t\t\t\t\t<\/a>\n\t\t\t\t<\/h3>\n\t\t\t\t<h5 style=\"color: #fff; font-size: 17px;\">\n\t\t\t\t\tRobson Couto Rachinhas\t\n\t\t\t\t <\/h5>\n\t\t\t\t\n\t\t\t<\/div>\n\t\t<\/div>\n\t<\/div>\n\t\n<!-- Portfolio -->\n\t<div id=\"post-7453\" class=\"card-container col-xl-3 col-lg-4 col-md-6 col-sm-6 m-b30 all alimentacao post-7453 dz_portfolio type-dz_portfolio status-publish has-post-thumbnail hentry portfolio_category-alimentacao\">\n\t\t<div class=\"dz-box style-1\">\n\t\t\t<div class=\"dz-media height-md\"  style=\"background-image: url(https:\/\/briquedaredencao.com.br\/2024\/wp-content\/uploads\/2025\/06\/Tamanho-Cover-8.jpg)\"><\/div>\n\t\t\t<div class=\"dz-info\">\n\t\t\t\t<h3 class=\"title m-b10\" style=\"font-size: 20px;\">\n\t\t\t\t\t<a href=\"https:\/\/briquedaredencao.com.br\/2024\/portfolio\/box-03-alimentacao\/\">\n\t\t\t\t\t\tBox 03 \u2013 Alimenta\u00e7\u00e3o\t\t\t\t\t\t\n\t\t\t\t\t<\/a>\n\t\t\t\t<\/h3>\n\t\t\t\t<h5 style=\"color: #fff; font-size: 17px;\">\n\t\t\t\t\t\u00c2ngela Ramos da Silva\t\n\t\t\t\t <\/h5>\n\t\t\t\t\n\t\t\t<\/div>\n\t\t<\/div>\n\t<\/div>\n\t\n<!-- Portfolio -->\n\t<div id=\"post-7468\" class=\"card-container col-xl-3 col-lg-4 col-md-6 col-sm-6 m-b30 all alimentacao post-7468 dz_portfolio type-dz_portfolio status-publish has-post-thumbnail hentry portfolio_category-alimentacao\">\n\t\t<div class=\"dz-box style-1\">\n\t\t\t<div class=\"dz-media height-md\"  style=\"background-image: url(https:\/\/briquedaredencao.com.br\/2024\/wp-content\/uploads\/2025\/06\/Tamanho-Cover-9.jpg)\"><\/div>\n\t\t\t<div class=\"dz-info\">\n\t\t\t\t<h3 class=\"title m-b10\" style=\"font-size: 20px;\">\n\t\t\t\t\t<a href=\"https:\/\/briquedaredencao.com.br\/2024\/portfolio\/box-04-alimentacao\/\">\n\t\t\t\t\t\tBox 04 \u2013 Alimenta\u00e7\u00e3o\t\t\t\t\t\t\n\t\t\t\t\t<\/a>\n\t\t\t\t<\/h3>\n\t\t\t\t<h5 style=\"color: #fff; font-size: 17px;\">\n\t\t\t\t\tIlana Nogueira Gra\u00e7a\t\n\t\t\t\t <\/h5>\n\t\t\t\t\n\t\t\t<\/div>\n\t\t<\/div>\n\t<\/div>\n\t\n<!-- Portfolio -->\n\t<div id=\"post-6258\" class=\"card-container col-xl-3 col-lg-4 col-md-6 col-sm-6 m-b30 all alimentacao post-6258 dz_portfolio type-dz_portfolio status-publish has-post-thumbnail hentry portfolio_category-alimentacao\">\n\t\t<div class=\"dz-box style-1\">\n\t\t\t<div class=\"dz-media height-md\"  style=\"background-image: url(https:\/\/briquedaredencao.com.br\/2024\/wp-content\/uploads\/2025\/05\/Tamanho-Cover-23.jpg)\"><\/div>\n\t\t\t<div class=\"dz-info\">\n\t\t\t\t<h3 class=\"title m-b10\" style=\"font-size: 20px;\">\n\t\t\t\t\t<a href=\"https:\/\/briquedaredencao.com.br\/2024\/portfolio\/box-05-alimentacao\/\">\n\t\t\t\t\t\tBox 05 \u2013 Alimenta\u00e7\u00e3o\t\t\t\t\t\t\n\t\t\t\t\t<\/a>\n\t\t\t\t<\/h3>\n\t\t\t\t<h5 style=\"color: #fff; font-size: 17px;\">\n\t\t\t\t\tCec\u00edlio J. Goulart\t\n\t\t\t\t <\/h5>\n\t\t\t\t\n\t\t\t<\/div>\n\t\t<\/div>\n\t<\/div>\n\t\n<!-- Portfolio -->\n\t<div id=\"post-6274\" class=\"card-container col-xl-3 col-lg-4 col-md-6 col-sm-6 m-b30 all alimentacao post-6274 dz_portfolio type-dz_portfolio status-publish has-post-thumbnail hentry portfolio_category-alimentacao\">\n\t\t<div class=\"dz-box style-1\">\n\t\t\t<div class=\"dz-media height-md\"  style=\"background-image: url(https:\/\/briquedaredencao.com.br\/2024\/wp-content\/uploads\/2025\/05\/Tamanho-Cover-24.jpg)\"><\/div>\n\t\t\t<div class=\"dz-info\">\n\t\t\t\t<h3 class=\"title m-b10\" style=\"font-size: 20px;\">\n\t\t\t\t\t<a href=\"https:\/\/briquedaredencao.com.br\/2024\/portfolio\/box-06-alimentacao\/\">\n\t\t\t\t\t\tBox 06 \u2013 Alimenta\u00e7\u00e3o\t\t\t\t\t\t\n\t\t\t\t\t<\/a>\n\t\t\t\t<\/h3>\n\t\t\t\t<h5 style=\"color: #fff; font-size: 17px;\">\n\t\t\t\t\tMaria C\u00e9lia S. Ribeiro\t\n\t\t\t\t <\/h5>\n\t\t\t\t\n\t\t\t<\/div>\n\t\t<\/div>\n\t<\/div>\n\t\n<!-- Portfolio -->\n\t<div id=\"post-6286\" class=\"card-container col-xl-3 col-lg-4 col-md-6 col-sm-6 m-b30 all alimentacao post-6286 dz_portfolio type-dz_portfolio status-publish has-post-thumbnail hentry portfolio_category-alimentacao\">\n\t\t<div class=\"dz-box style-1\">\n\t\t\t<div class=\"dz-media height-md\"  style=\"background-image: url(https:\/\/briquedaredencao.com.br\/2024\/wp-content\/uploads\/2025\/05\/Tamanho-Cover-25.jpg)\"><\/div>\n\t\t\t<div class=\"dz-info\">\n\t\t\t\t<h3 class=\"title m-b10\" style=\"font-size: 20px;\">\n\t\t\t\t\t<a href=\"https:\/\/briquedaredencao.com.br\/2024\/portfolio\/box-07-alimentacao\/\">\n\t\t\t\t\t\tBox 07 \u2013 Alimenta\u00e7\u00e3o\t\t\t\t\t\t\n\t\t\t\t\t<\/a>\n\t\t\t\t<\/h3>\n\t\t\t\t<h5 style=\"color: #fff; font-size: 17px;\">\n\t\t\t\t\tPaulo Roberto Lopes\t\n\t\t\t\t <\/h5>\n\t\t\t\t\n\t\t\t<\/div>\n\t\t<\/div>\n\t<\/div>\n\t\n<!-- Portfolio -->\n\t<div id=\"post-7482\" class=\"card-container col-xl-3 col-lg-4 col-md-6 col-sm-6 m-b30 all alimentacao post-7482 dz_portfolio type-dz_portfolio status-publish has-post-thumbnail hentry portfolio_category-alimentacao\">\n\t\t<div class=\"dz-box style-1\">\n\t\t\t<div class=\"dz-media height-md\"  style=\"background-image: url(https:\/\/briquedaredencao.com.br\/2024\/wp-content\/uploads\/2025\/06\/Tamanho-Cover-10.jpg)\"><\/div>\n\t\t\t<div class=\"dz-info\">\n\t\t\t\t<h3 class=\"title m-b10\" style=\"font-size: 20px;\">\n\t\t\t\t\t<a href=\"https:\/\/briquedaredencao.com.br\/2024\/portfolio\/box-09-alimentacao\/\">\n\t\t\t\t\t\tBox 09 \u2013 Alimenta\u00e7\u00e3o\t\t\t\t\t\t\n\t\t\t\t\t<\/a>\n\t\t\t\t<\/h3>\n\t\t\t\t<h5 style=\"color: #fff; font-size: 17px;\">\n\t\t\t\t\tVin\u00edcius Felipe Kaefer\t\n\t\t\t\t <\/h5>\n\t\t\t\t\n\t\t\t<\/div>\n\t\t<\/div>\n\t<\/div>\n\t\n<!-- Portfolio -->\n\t<div id=\"post-7496\" class=\"card-container col-xl-3 col-lg-4 col-md-6 col-sm-6 m-b30 all alimentacao post-7496 dz_portfolio type-dz_portfolio status-publish has-post-thumbnail hentry portfolio_category-alimentacao\">\n\t\t<div class=\"dz-box style-1\">\n\t\t\t<div class=\"dz-media height-md\"  style=\"background-image: url(https:\/\/briquedaredencao.com.br\/2024\/wp-content\/uploads\/2025\/06\/Tamanho-Cover-11.jpg)\"><\/div>\n\t\t\t<div class=\"dz-info\">\n\t\t\t\t<h3 class=\"title m-b10\" style=\"font-size: 20px;\">\n\t\t\t\t\t<a href=\"https:\/\/briquedaredencao.com.br\/2024\/portfolio\/box-10-alimentacao\/\">\n\t\t\t\t\t\tBox 10 \u2013 Alimenta\u00e7\u00e3o\t\t\t\t\t\t\n\t\t\t\t\t<\/a>\n\t\t\t\t<\/h3>\n\t\t\t\t<h5 style=\"color: #fff; font-size: 17px;\">\n\t\t\t\t\tMarcela Acuna\t\n\t\t\t\t <\/h5>\n\t\t\t\t\n\t\t\t<\/div>\n\t\t<\/div>\n\t<\/div>\n\t\n<!-- Portfolio -->\n\t<div id=\"post-6298\" class=\"card-container col-xl-3 col-lg-4 col-md-6 col-sm-6 m-b30 all alimentacao post-6298 dz_portfolio type-dz_portfolio status-publish has-post-thumbnail hentry portfolio_category-alimentacao\">\n\t\t<div class=\"dz-box style-1\">\n\t\t\t<div class=\"dz-media height-md\"  style=\"background-image: url(https:\/\/briquedaredencao.com.br\/2024\/wp-content\/uploads\/2025\/05\/Tamanho-Cover-26.jpg)\"><\/div>\n\t\t\t<div class=\"dz-info\">\n\t\t\t\t<h3 class=\"title m-b10\" style=\"font-size: 20px;\">\n\t\t\t\t\t<a href=\"https:\/\/briquedaredencao.com.br\/2024\/portfolio\/box-11-alimentacao\/\">\n\t\t\t\t\t\tBox 11 \u2013 Alimenta\u00e7\u00e3o\t\t\t\t\t\t\n\t\t\t\t\t<\/a>\n\t\t\t\t<\/h3>\n\t\t\t\t<h5 style=\"color: #fff; font-size: 17px;\">\n\t\t\t\t\tCatarina Paltiano\t\n\t\t\t\t <\/h5>\n\t\t\t\t\n\t\t\t<\/div>\n\t\t<\/div>\n\t<\/div>\n\t\n<!-- Portfolio -->\n\t<div id=\"post-6309\" class=\"card-container col-xl-3 col-lg-4 col-md-6 col-sm-6 m-b30 all alimentacao antiquarios post-6309 dz_portfolio type-dz_portfolio status-publish has-post-thumbnail hentry portfolio_category-alimentacao portfolio_category-antiquarios\">\n\t\t<div class=\"dz-box style-1\">\n\t\t\t<div class=\"dz-media height-md\"  style=\"background-image: url(https:\/\/briquedaredencao.com.br\/2024\/wp-content\/uploads\/2025\/05\/Tamanho-Cover-27.jpg)\"><\/div>\n\t\t\t<div class=\"dz-info\">\n\t\t\t\t<h3 class=\"title m-b10\" style=\"font-size: 20px;\">\n\t\t\t\t\t<a href=\"https:\/\/briquedaredencao.com.br\/2024\/portfolio\/box-33a-alimentacao\/\">\n\t\t\t\t\t\tBox 33A \u2013 Alimenta\u00e7\u00e3o\t\t\t\t\t\t\n\t\t\t\t\t<\/a>\n\t\t\t\t<\/h3>\n\t\t\t\t<h5 style=\"color: #fff; font-size: 17px;\">\n\t\t\t\t\tMaria Brun\t\n\t\t\t\t <\/h5>\n\t\t\t\t\n\t\t\t<\/div>\n\t\t<\/div>\n\t<\/div>\n\t\t\t\t\n\t\t<\/div>\n\t\t  <!-- Side bar END -->\n\t\t\t<\/div>\n<\/section>\n<script>\r\n\t\t\t\tjQuery(document).ready(function(){\r\n\t\t\t\t\tif(jQuery('.elementor-element-edit-mode').length > 0){\r\n\t\t\t\t\t\tsetTimeout(function(){\r\n\t\t\t\t\t\t\tIndiro.masonryBox();\t\t\r\n\t\t\t\t\t\t}, 1000);\r\n\t\t\t\t\t}\r\n\t\t\t\t});\r\n\t\t\t<\/script>\t\t<\/div>\n\t\t\t\t<\/div>\n\t\t\t\t\t<\/div>\n\t\t<\/div>\n\t\t\t\t\t<\/div>\n\t\t<\/section>\n\t\t\t\t<\/div>\n\t\t","protected":false},"excerpt":{"rendered":"<p>Box 01 \u2013 Alimenta\u00e7\u00e3o Cec\u00edlio J. Goulart<\/p>\n","protected":false},"author":1,"featured_media":0,"parent":0,"menu_order":0,"comment_status":"closed","ping_status":"closed","template":"indiro_homepage.php","meta":{"_acf_changed":false,"footnotes":""},"class_list":["post-3903","page","type-page","status-publish","hentry"],"acf":[],"_links":{"self":[{"href":"https:\/\/briquedaredencao.com.br\/2024\/wp-json\/wp\/v2\/pages\/3903","targetHints":{"allow":["GET"]}}],"collection":[{"href":"https:\/\/briquedaredencao.com.br\/2024\/wp-json\/wp\/v2\/pages"}],"about":[{"href":"https:\/\/briquedaredencao.com.br\/2024\/wp-json\/wp\/v2\/types\/page"}],"author":[{"embeddable":true,"href":"https:\/\/briquedaredencao.com.br\/2024\/wp-json\/wp\/v2\/users\/1"}],"replies":[{"embeddable":true,"href":"https:\/\/briquedaredencao.com.br\/2024\/wp-json\/wp\/v2\/comments?post=3903"}],"version-history":[{"count":8,"href":"https:\/\/briquedaredencao.com.br\/2024\/wp-json\/wp\/v2\/pages\/3903\/revisions"}],"predecessor-version":[{"id":6273,"href":"https:\/\/briquedaredencao.com.br\/2024\/wp-json\/wp\/v2\/pages\/3903\/revisions\/6273"}],"wp:attachment":[{"href":"https:\/\/briquedaredencao.com.br\/2024\/wp-json\/wp\/v2\/media?parent=3903"}],"curies":[{"name":"wp","href":"https:\/\/api.w.org\/{rel}","templated":true}]}}